{"id":10560,"date":"2018-11-07T17:03:53","date_gmt":"2018-11-07T16:03:53","guid":{"rendered":"https:\/\/ollerdecoracio.com\/politica-de-privacidad\/"},"modified":"2022-11-14T16:59:43","modified_gmt":"2022-11-14T15:59:43","slug":"politica-de-privacitat","status":"publish","type":"page","link":"https:\/\/ollerdecoracio.com\/ca\/politica-de-privacitat\/","title":{"rendered":"Pol\u00edtica de privacitat"},"content":{"rendered":"<div class=\"fusion-fullwidth fullwidth-box fusion-builder-row-1 nonhundred-percent-fullwidth non-hundred-percent-height-scrolling\" style=\"--awb-border-radius-top-left:0px;--awb-border-radius-top-right:0px;--awb-border-radius-bottom-right:0px;--awb-border-radius-bottom-left:0px;--awb-flex-wrap:wrap;\" ><div class=\"fusion-builder-row fusion-row\"><div class=\"fusion-layout-column fusion_builder_column fusion-builder-column-0 fusion_builder_column_1_1 1_1 fusion-one-full fusion-column-first fusion-column-last\" style=\"--awb-bg-size:cover;\"><div class=\"fusion-column-wrapper fusion-flex-column-wrapper-legacy\"><div class=\"fusion-text fusion-text-1\"><p><strong>POL\u00cdTICA DE PROTECCI\u00d3 DE DADES <strong>OLLER CONTRACT<\/strong><\/strong><br \/>\nEn compliment del Reglament (UE) 2016\/679 del Parlament Europeu i Consell, de 27 d\u2019abril de 2016 (RGPD) i de la normativa vigent en mat\u00e8ria de protecci\u00f3 de dades Llei Org\u00e0nica 3\/2018 de protecci\u00f3 de dades personals i garantia dels drets digitals (LOPDGDD), posem en coneixement seu que el responsable del tractament de les seves dades \u00e9s:<\/p>\n<p><strong><strong>OLLER CONTRACT<\/strong>, S.L.<\/strong><br \/>\nCIF: B67125153<br \/>\nDomicili en Carrer Sant Jaume, 90, 1A<br \/>\n08401 Granollers (Barcelona)<\/p>\n<p>En endavant <strong>OLLER CONTRACT<\/strong>.<\/p>\n<p><strong>1. FINALITATS:<\/strong><br \/>\n<strong>OLLER CONTRACT<\/strong> l\u2019informa que tractem les dades de car\u00e0cter personal que se\u2019ns facilita, per a gestionar relaciones contractuals, i oferir a persones interessades i a clients informaci\u00f3 sobre productes relacionats amb <strong>OLLER CONTRACT<\/strong>, en concret, informaci\u00f3 sobre:<\/p>\n<ul>\n<li>Els nostre productes,<\/li>\n<li>Proporcionar informaci\u00f3 dels nostres productes,<\/li>\n<li>Per a gestionar els productes comprats o serveis contractats, aix\u00ed com les tasques administratives derivades.<\/li>\n<li>Tamb\u00e9 podem utilitzar les seves dades personals per a altres finalitats i, per aix\u00f2, li proporcionarem un av\u00eds espec\u00edfic en el moment de la recopilaci\u00f3 i obtindrem el seu consentiment quan sigui necessari.<\/li>\n<li>Comunicar-se amb vost\u00e8, incloent comunicacions promocionals i gesti\u00f3 de les relacions amb els clients, prove\u00efdors, personal inter\u00ed, etc.<\/li>\n<li>Ajudar en la gesti\u00f3 i millora de la nostra empresa; per exemple, per a millorar els nostres productes i serveis.<\/li>\n<li>Complir amb les nostres obligacions legals, i<\/li>\n<li>Portar la comptabilitat i altres finalitats administratives.<\/li>\n<\/ul>\n<p>Les comunicacions podran ser realitzades per qualsevol mitj\u00e0, inclosos els mitjans electr\u00f2nics. El interessat haur\u00e0 d\u2019autoritzar la tramesa de comunicacions comercials de forma expl\u00edcita, mitjan\u00e7ant el marcatge de les corresponents caselles, en qualsevol dels formularis de sol\u00b7licitud de dades, per exemple aquells inclosos a la nostra p\u00e0gina web.<\/p>\n<p><strong>2. DADES QUE ES TRACTEN<\/strong><br \/>\nLes dades a tractar per <strong>OLLER CONTRACT<\/strong> en el marc de la relaci\u00f3 amb l\u2019interessat i condicionat a les finalitats consentides, s\u2019inclouen en les seg\u00fcents categories:<\/p>\n<ul>\n<li>Dades identificatives i de contacte, per exemple a t\u00edtol enunciatiu i no limitatiu: nom, cognoms, tel\u00e8fon o correu electr\u00f2nic.<\/li>\n<li>Dades d\u2019informaci\u00f3 comercial en funci\u00f3 de les indicacions rebudes.<\/li>\n<\/ul>\n<p><strong>3. CONSERVACI\u00d3 DE LES DADES<\/strong><br \/>\nLes dades personals proporcionades es conservaran mentre siguin necess\u00e0ries per a donar resposta a la relaci\u00f3 contractual, per a donar resposta a les peticions o sol\u00b7licituds realitzades, i en qualsevol cas mentre no es sol\u00b7liciti la supressi\u00f3 per l\u2019interessat, aix\u00ed com el temps necessari per a donar compliment a las obligacions legals que en cada cas corresponguin d\u2019acord amb cada tipologia de dades.<\/p>\n<p><strong>4. DESTINATARIS ALS QUE SE LI COMUNICARAN LES DADES.<\/strong><br \/>\nLes dades de l\u2019interessat podran ser comunicades a:<br \/>\nA prove\u00efdors de serveis vinculats contractualment amb <strong>OLLER CONTRACT<\/strong> com encarregats de tractament que tractaran les seves dades seguint estrictament les instruccions d\u2019<strong>OLLER CONTRACT<\/strong>.<br \/>\nA les autoritats competents en els casos en que existeixi una obligaci\u00f3 legal.<\/p>\n<p><strong>5. LEGITIMACI\u00d3 PER AL TRACTAMENT DE LES SEVES DADES I TEMPS DE CONSERVACI\u00d3<\/strong><br \/>\nLa base legal per a gestionar la relaci\u00f3 amb el client i altres interessats i per oferir informaci\u00f3 sobre productes relacionats <strong>OLLER CONTRACT<\/strong> pot ser l\u2019execuci\u00f3 d\u2019un contracte, o b\u00e9, el consentiment inequ\u00edvoc de l\u2019interessat en cas de no existir una relaci\u00f3 contractual pr\u00e8via.<\/p>\n<p>Les dades personals facilitades per a complir les obligacions derivades de la relaci\u00f3 contractual entre <strong>OLLER CONTRACT<\/strong> i vost\u00e8 seran conservades durant tot el per\u00edode de vig\u00e8ncia de la relaci\u00f3 contractual; i un cop acabada la relaci\u00f3 contractual, les dades es conservaran durant el termini de prescripci\u00f3 de les accions que poguessin derivar-se de la relaci\u00f3 mantinguda amb vost\u00e8.<br \/>\nLes dades personals obtingudes a trav\u00e9s del formulari de contacte es conservaran \u00fanicament el temps necessari per atendre la sol\u00b7licitud de informaci\u00f3.<br \/>\nNo obstant, si vost\u00e8 hagu\u00e9s donat el seu consentiment expr\u00e9s per a la tramesa d\u2019informaci\u00f3 i prospecci\u00f3 comercial, les seves dades seran conservats fins el moment en que vost\u00e8 manifesti la seva voluntat de revocaci\u00f3 de l\u2019esmentat consentiment.<\/p>\n<p><strong>6. MESURES DE SEGURETAT APLICADES A LES DADES PERSONALS DE L\u2019INTERESSAT<\/strong><br \/>\nEl tractament de les dades personals facilitades per l\u2019interessat es portaran a terme adoptant les mesures t\u00e8cniques i organitzatives necess\u00e0ries per a evitar la p\u00e8rdua, \u00fas indegut, alteraci\u00f3 i acc\u00e9s no autoritzat als mateixos, tenint en compte l\u2019estat de la tecnologia, la naturalesa de les dades i l\u2019an\u00e0lisi de riscos efectuat.<\/p>\n<p><strong>6. DRETS DE L\u2019INTERESSAT<\/strong><br \/>\nQualsevol persona t\u00e9 dret a obtenir confirmaci\u00f3 sobre si a <strong>OLLER CONTRACT<\/strong> estem tractant dades personals que el concerneixin o no. Les persones interessades tenen dret a <strong>accedir<\/strong> a les seves dades personals, aix\u00ed com a sol\u00b7licitar la <strong>rectificaci\u00f3<\/strong> de les dades inexactes o, en el seu cas, sol\u00b7licitar la <strong>supressi\u00f3<\/strong> quan, entre altres motius, les dades ja no siguin necess\u00e0ries per a la finalitat que van ser recollides.<br \/>\nEn determinades circumst\u00e0ncies i per motius relacionats amb la seva situaci\u00f3 particular, els interessats podran <strong>oposar-se<\/strong> al tractament de les seves dades. <strong>OLLER CONTRACT<\/strong> deixar\u00e0 de tractar les dades tret per motius leg\u00edtims imperiosos, o l\u2019exercici o la defensa de possibles reclamacions.<br \/>\nEn determinades circumst\u00e0ncies, els interessats podran sol\u00b7licitar la limitaci\u00f3 del tractament, de manera que <strong>OLLER CONTRACT<\/strong> nom\u00e9s els reservar\u00e0 i utilitzar\u00e0 en els casos autoritzats por la Llei.<br \/>\nQuan les dades es recullin en un format estructurat, els interessats podran demanar a <strong>OLLER CONTRACT<\/strong> la transmissi\u00f3 directa de les seves dades a altres responsables o rebre les seves dades en formato electr\u00f2nic, per a emmagatzemar-los en els seus propis dispositius, sense necessitat de transmetre\u2019ls a altres responsables.<br \/>\nL\u2019interessat podr\u00e0 exercir aquests drets mitjan\u00e7ant la tramesa d\u2019un correu electr\u00f2nic a l\u2019adre\u00e7a <a href=\"mailto:info@ollercontract.com\">info@ollercontract.com<\/a>, adjuntant fotoc\u00f2pia del DNI o document identificatiu substitutori i indicant clarament el dret que desitja exercir. Aix\u00ed mateix podr\u00e0 realitzar la sol\u00b7licitud per correu postal a l\u2019adre\u00e7a indicada anteriorment.<\/p>\n<\/div><div class=\"fusion-clearfix\"><\/div><\/div><\/div><\/div><\/div>\n","protected":false},"excerpt":{"rendered":"","protected":false},"author":1,"featured_media":12083,"parent":0,"menu_order":0,"comment_status":"closed","ping_status":"closed","template":"","meta":{"footnotes":""},"class_list":["post-10560","page","type-page","status-publish","has-post-thumbnail","hentry"],"yoast_head":"<!-- This site is optimized with the Yoast SEO plugin v27.3 - https:\/\/yoast.com\/product\/yoast-seo-wordpress\/ -->\n<title>Pol\u00edtica de privacitat - Oller Decoraci\u00f3<\/title>\n<meta name=\"robots\" content=\"index, follow, max-snippet:-1, max-image-preview:large, max-video-preview:-1\" \/>\n<link rel=\"canonical\" href=\"https:\/\/ollerdecoracio.pruebasweb.com.es\/ca\/politica-de-privacitat\/\" \/>\n<meta property=\"og:locale\" content=\"ca_ES\" \/>\n<meta property=\"og:type\" content=\"article\" \/>\n<meta property=\"og:title\" content=\"Pol\u00edtica de privacitat - Oller Decoraci\u00f3\" \/>\n<meta property=\"og:url\" content=\"https:\/\/ollerdecoracio.pruebasweb.com.es\/ca\/politica-de-privacitat\/\" \/>\n<meta property=\"og:site_name\" content=\"Oller Decoraci\u00f3\" \/>\n<meta property=\"article:modified_time\" content=\"2022-11-14T15:59:43+00:00\" \/>\n<meta property=\"og:image\" content=\"https:\/\/ollerdecoracio.pruebasweb.com.es\/wp-content\/uploads\/cabecera-legal.webp\" \/>\n\t<meta property=\"og:image:width\" content=\"951\" \/>\n\t<meta property=\"og:image:height\" content=\"459\" \/>\n\t<meta property=\"og:image:type\" content=\"image\/webp\" \/>\n<meta name=\"twitter:card\" content=\"summary_large_image\" \/>\n<meta name=\"twitter:label1\" content=\"Temps estimat de lectura\" \/>\n\t<meta name=\"twitter:data1\" content=\"5 minuts\" \/>\n<script type=\"application\/ld+json\" class=\"yoast-schema-graph\">{\"@context\":\"https:\\\/\\\/schema.org\",\"@graph\":[{\"@type\":\"WebPage\",\"@id\":\"https:\\\/\\\/ollerdecoracio.pruebasweb.com.es\\\/ca\\\/politica-de-privacitat\\\/\",\"url\":\"https:\\\/\\\/ollerdecoracio.pruebasweb.com.es\\\/ca\\\/politica-de-privacitat\\\/\",\"name\":\"Pol\u00edtica de privacitat - Oller Decoraci\u00f3\",\"isPartOf\":{\"@id\":\"https:\\\/\\\/ollerdecoracio.com\\\/#website\"},\"primaryImageOfPage\":{\"@id\":\"https:\\\/\\\/ollerdecoracio.pruebasweb.com.es\\\/ca\\\/politica-de-privacitat\\\/#primaryimage\"},\"image\":{\"@id\":\"https:\\\/\\\/ollerdecoracio.pruebasweb.com.es\\\/ca\\\/politica-de-privacitat\\\/#primaryimage\"},\"thumbnailUrl\":\"https:\\\/\\\/ollerdecoracio.com\\\/wp-content\\\/uploads\\\/cabecera-legal.webp\",\"datePublished\":\"2018-11-07T16:03:53+00:00\",\"dateModified\":\"2022-11-14T15:59:43+00:00\",\"breadcrumb\":{\"@id\":\"https:\\\/\\\/ollerdecoracio.pruebasweb.com.es\\\/ca\\\/politica-de-privacitat\\\/#breadcrumb\"},\"inLanguage\":\"ca\",\"potentialAction\":[{\"@type\":\"ReadAction\",\"target\":[\"https:\\\/\\\/ollerdecoracio.pruebasweb.com.es\\\/ca\\\/politica-de-privacitat\\\/\"]}]},{\"@type\":\"ImageObject\",\"inLanguage\":\"ca\",\"@id\":\"https:\\\/\\\/ollerdecoracio.pruebasweb.com.es\\\/ca\\\/politica-de-privacitat\\\/#primaryimage\",\"url\":\"https:\\\/\\\/ollerdecoracio.com\\\/wp-content\\\/uploads\\\/cabecera-legal.webp\",\"contentUrl\":\"https:\\\/\\\/ollerdecoracio.com\\\/wp-content\\\/uploads\\\/cabecera-legal.webp\",\"width\":951,\"height\":459,\"caption\":\"Oller Decoraci\u00f3 Granollers - Aviso legal website\"},{\"@type\":\"BreadcrumbList\",\"@id\":\"https:\\\/\\\/ollerdecoracio.pruebasweb.com.es\\\/ca\\\/politica-de-privacitat\\\/#breadcrumb\",\"itemListElement\":[{\"@type\":\"ListItem\",\"position\":1,\"name\":\"Portada\",\"item\":\"https:\\\/\\\/ollerdecoracio.com\\\/ca\\\/\"},{\"@type\":\"ListItem\",\"position\":2,\"name\":\"Pol\u00edtica de privacitat\"}]},{\"@type\":\"WebSite\",\"@id\":\"https:\\\/\\\/ollerdecoracio.com\\\/#website\",\"url\":\"https:\\\/\\\/ollerdecoracio.com\\\/\",\"name\":\"Oller Decoraci\u00f3\",\"description\":\"\",\"potentialAction\":[{\"@type\":\"SearchAction\",\"target\":{\"@type\":\"EntryPoint\",\"urlTemplate\":\"https:\\\/\\\/ollerdecoracio.com\\\/?s={search_term_string}\"},\"query-input\":{\"@type\":\"PropertyValueSpecification\",\"valueRequired\":true,\"valueName\":\"search_term_string\"}}],\"inLanguage\":\"ca\"}]}<\/script>\n<!-- \/ Yoast SEO plugin. -->","yoast_head_json":{"title":"Pol\u00edtica de privacitat - Oller Decoraci\u00f3","robots":{"index":"index","follow":"follow","max-snippet":"max-snippet:-1","max-image-preview":"max-image-preview:large","max-video-preview":"max-video-preview:-1"},"canonical":"https:\/\/ollerdecoracio.pruebasweb.com.es\/ca\/politica-de-privacitat\/","og_locale":"ca_ES","og_type":"article","og_title":"Pol\u00edtica de privacitat - Oller Decoraci\u00f3","og_url":"https:\/\/ollerdecoracio.pruebasweb.com.es\/ca\/politica-de-privacitat\/","og_site_name":"Oller Decoraci\u00f3","article_modified_time":"2022-11-14T15:59:43+00:00","og_image":[{"width":951,"height":459,"url":"https:\/\/ollerdecoracio.pruebasweb.com.es\/wp-content\/uploads\/cabecera-legal.webp","type":"image\/webp"}],"twitter_card":"summary_large_image","twitter_misc":{"Temps estimat de lectura":"5 minuts"},"schema":{"@context":"https:\/\/schema.org","@graph":[{"@type":"WebPage","@id":"https:\/\/ollerdecoracio.pruebasweb.com.es\/ca\/politica-de-privacitat\/","url":"https:\/\/ollerdecoracio.pruebasweb.com.es\/ca\/politica-de-privacitat\/","name":"Pol\u00edtica de privacitat - Oller Decoraci\u00f3","isPartOf":{"@id":"https:\/\/ollerdecoracio.com\/#website"},"primaryImageOfPage":{"@id":"https:\/\/ollerdecoracio.pruebasweb.com.es\/ca\/politica-de-privacitat\/#primaryimage"},"image":{"@id":"https:\/\/ollerdecoracio.pruebasweb.com.es\/ca\/politica-de-privacitat\/#primaryimage"},"thumbnailUrl":"https:\/\/ollerdecoracio.com\/wp-content\/uploads\/cabecera-legal.webp","datePublished":"2018-11-07T16:03:53+00:00","dateModified":"2022-11-14T15:59:43+00:00","breadcrumb":{"@id":"https:\/\/ollerdecoracio.pruebasweb.com.es\/ca\/politica-de-privacitat\/#breadcrumb"},"inLanguage":"ca","potentialAction":[{"@type":"ReadAction","target":["https:\/\/ollerdecoracio.pruebasweb.com.es\/ca\/politica-de-privacitat\/"]}]},{"@type":"ImageObject","inLanguage":"ca","@id":"https:\/\/ollerdecoracio.pruebasweb.com.es\/ca\/politica-de-privacitat\/#primaryimage","url":"https:\/\/ollerdecoracio.com\/wp-content\/uploads\/cabecera-legal.webp","contentUrl":"https:\/\/ollerdecoracio.com\/wp-content\/uploads\/cabecera-legal.webp","width":951,"height":459,"caption":"Oller Decoraci\u00f3 Granollers - Aviso legal website"},{"@type":"BreadcrumbList","@id":"https:\/\/ollerdecoracio.pruebasweb.com.es\/ca\/politica-de-privacitat\/#breadcrumb","itemListElement":[{"@type":"ListItem","position":1,"name":"Portada","item":"https:\/\/ollerdecoracio.com\/ca\/"},{"@type":"ListItem","position":2,"name":"Pol\u00edtica de privacitat"}]},{"@type":"WebSite","@id":"https:\/\/ollerdecoracio.com\/#website","url":"https:\/\/ollerdecoracio.com\/","name":"Oller Decoraci\u00f3","description":"","potentialAction":[{"@type":"SearchAction","target":{"@type":"EntryPoint","urlTemplate":"https:\/\/ollerdecoracio.com\/?s={search_term_string}"},"query-input":{"@type":"PropertyValueSpecification","valueRequired":true,"valueName":"search_term_string"}}],"inLanguage":"ca"}]}},"_links":{"self":[{"href":"https:\/\/ollerdecoracio.com\/ca\/wp-json\/wp\/v2\/pages\/10560","targetHints":{"allow":["GET"]}}],"collection":[{"href":"https:\/\/ollerdecoracio.com\/ca\/wp-json\/wp\/v2\/pages"}],"about":[{"href":"https:\/\/ollerdecoracio.com\/ca\/wp-json\/wp\/v2\/types\/page"}],"author":[{"embeddable":true,"href":"https:\/\/ollerdecoracio.com\/ca\/wp-json\/wp\/v2\/users\/1"}],"replies":[{"embeddable":true,"href":"https:\/\/ollerdecoracio.com\/ca\/wp-json\/wp\/v2\/comments?post=10560"}],"version-history":[{"count":3,"href":"https:\/\/ollerdecoracio.com\/ca\/wp-json\/wp\/v2\/pages\/10560\/revisions"}],"predecessor-version":[{"id":11546,"href":"https:\/\/ollerdecoracio.com\/ca\/wp-json\/wp\/v2\/pages\/10560\/revisions\/11546"}],"wp:featuredmedia":[{"embeddable":true,"href":"https:\/\/ollerdecoracio.com\/ca\/wp-json\/wp\/v2\/media\/12083"}],"wp:attachment":[{"href":"https:\/\/ollerdecoracio.com\/ca\/wp-json\/wp\/v2\/media?parent=10560"}],"curies":[{"name":"wp","href":"https:\/\/api.w.org\/{rel}","templated":true}]}}